{"id":18,"date":"2015-11-12T06:31:47","date_gmt":"2015-11-12T06:31:47","guid":{"rendered":"http:\/\/www.oulaistentaksi.fi\/?page_id=18"},"modified":"2024-02-28T14:57:27","modified_gmt":"2024-02-28T14:57:27","slug":"koulukyydit","status":"publish","type":"page","link":"https:\/\/www.oulaistentaksi.fi\/?page_id=18","title":{"rendered":"Koulukuljetukset"},"content":{"rendered":"<h3>Koulukuljetukset ovat yksi t\u00e4rke\u00e4 osa Oulaisten taksien ajoista. Oulaisten taksit kuljettivat lukuvuonna 2021-2022 noin 200 koululaista, esikoululaista sek\u00e4 kerholaista koulup\u00e4iv\u00e4n aikana. Koulukuljetuksia hoitaa samanaikaisesti keskim\u00e4\u00e4rin 4-6 taksia, hetkellisesti koulukyydit voivat sitoa 7-8 taksia kuljetusteht\u00e4v\u00e4\u00e4n. Samassa kuljetuksessa voi olla jopa viiden eri koulun oppilaita. Ensimm\u00e4iset koulureitit l\u00e4htev\u00e4t aamulla klo: 7:00. Oppilaan varsinaisia haku-aikoja voitte tarkistaa MunApp sovelluksesta. Kuljetusaikatauluun vaikuttavat my\u00f6s muu liikenne sek\u00e4 keliolosuhteet.<\/h3>\n<h2><strong>Jotta koulukuljetus onnistuisi my\u00f6s talviliukkailla, pyyt\u00e4isimme teit\u00e4 huolehtimaan, ett\u00e4 lapsenne olisi aamuisin valmiina odottamassa sovitussa paikassa 5 MINUUTTIA ENNEN varsinaista hakuaikaa.<\/strong><\/h2>\n<h3>Mik\u00e4li taksi on edell\u00e4 aikataulusta, se odottaa sovittuun aikaan saakka. Jos taksi on my\u00f6h\u00e4ss\u00e4 aikataulusta, sen on jatkettava matkaa, ellei oppilasta n\u00e4y hakupaikalla (yleens\u00e4 kotipihaan menev\u00e4 tienhaara).<\/h3>\n<h2><em>Siirrymme viikosta 11\/24 alkaen s\u00e4hk\u00f6iseen MunApp koulukuljetusten hallintaj\u00e4rjestelm\u00e4\u00e4n. Oulaisten kaupungin koulutoimi on tiedottanut vanhempia j\u00e4rjestelm\u00e4n k\u00e4ytt\u00f6\u00f6notosta Wilmassa. Sovelluksen k\u00e4yt\u00f6ss\u00e4 opastaa koulutoimisto 044 4793 243.<br \/>\n<\/em><\/h2>\n<h2><em><strong>T\u00e4m\u00e4n sovelluksen kautta on helppoa ilmoittaa oppilaan kuljetuksen peruuntuminen tai ep\u00e4s\u00e4\u00e4nn\u00f6llinen kuljetustarve.<\/strong><\/em><\/h2>\n<h2><strong>Muissa koulukuljetuksia koskevissa asioissa yhteydenotot: <\/strong><\/h2>\n<h2><strong>Matti Niemel\u00e4<\/strong><\/h2>\n<h2><strong>0400 942 362<\/strong><\/h2>\n<h3><\/h3>\n<h3><\/h3>\n<h2><\/h2>\n","protected":false},"excerpt":{"rendered":"<p>Koulukuljetukset ovat yksi t\u00e4rke\u00e4 osa Oulaisten taksien ajoista. Oulaisten taksit kuljettivat lukuvuonna 2021-2022 noin 200 koululaista, esikoululaista sek\u00e4 kerholaista koulup\u00e4iv\u00e4n aikana. Koulukuljetuksia hoitaa samanaikaisesti keskim\u00e4\u00e4rin 4-6 taksia, hetkellisesti koulukyydit voivat sitoa 7-8 taksia kuljetusteht\u00e4v\u00e4\u00e4n. Samassa kuljetuksessa voi olla jopa viiden eri koulun oppilaita. Ensimm\u00e4iset koulureitit l\u00e4htev\u00e4t aamulla klo: 7:00. Oppilaan varsinaisia haku-aikoja voitte tarkistaa MunApp [&hellip;]<\/p>\n","protected":false},"author":4,"featured_media":0,"parent":0,"menu_order":0,"comment_status":"closed","ping_status":"closed","template":"","meta":[],"_links":{"self":[{"href":"https:\/\/www.oulaistentaksi.fi\/index.php?rest_route=\/wp\/v2\/pages\/18"}],"collection":[{"href":"https:\/\/www.oulaistentaksi.fi\/index.php?rest_route=\/wp\/v2\/pages"}],"about":[{"href":"https:\/\/www.oulaistentaksi.fi\/index.php?rest_route=\/wp\/v2\/types\/page"}],"author":[{"embeddable":true,"href":"https:\/\/www.oulaistentaksi.fi\/index.php?rest_route=\/wp\/v2\/users\/4"}],"replies":[{"embeddable":true,"href":"https:\/\/www.oulaistentaksi.fi\/index.php?rest_route=%2Fwp%2Fv2%2Fcomments&post=18"}],"version-history":[{"count":28,"href":"https:\/\/www.oulaistentaksi.fi\/index.php?rest_route=\/wp\/v2\/pages\/18\/revisions"}],"predecessor-version":[{"id":297,"href":"https:\/\/www.oulaistentaksi.fi\/index.php?rest_route=\/wp\/v2\/pages\/18\/revisions\/297"}],"wp:attachment":[{"href":"https:\/\/www.oulaistentaksi.fi\/index.php?rest_route=%2Fwp%2Fv2%2Fmedia&parent=18"}],"curies":[{"name":"wp","href":"https:\/\/api.w.org\/{rel}","templated":true}]}}